{"id":577,"date":"2016-07-07T15:16:24","date_gmt":"2016-07-07T13:16:24","guid":{"rendered":"http:\/\/boutiqueo.net\/?page_id=577"},"modified":"2016-07-07T15:16:24","modified_gmt":"2016-07-07T13:16:24","slug":"qui-sommes-nous","status":"publish","type":"page","link":"https:\/\/referencement-site-wordpress.websitedesign.fr\/?page_id=577","title":{"rendered":"Qui Sommes-nous?"},"content":{"rendered":"<h2>Sites de E-commerce<\/h2>\n<p>Le guide web, &#8220;Boutiqueo&#8221; vous propose une s\u00e9lection des meilleurs boutiques en ligne. Pour am\u00e9liorer votre r\u00e9f\u00e9rencement web, n&#8217;h\u00e9sitez pas non plus \u00e0 vous inscrire votre site dans l&#8217;annuaire Monbuzz ou \u00e0 publier des publier des communiqu\u00e9s de presses en compl\u00e9ments de l&#8217;annuaire Boutique.<\/p>\n<h2>Comment fonctionne le site ?<\/h2>\n<p>Les diff\u00e9rents magasins en ligne sont soigneusement s\u00e9lectionner et seul les meilleurs boutiques e-commerce sont ajout\u00e9 \u00e0 la liste de boutiques en ligne pr\u00e9sentes dans l&#8217;annuaire et tout pour mieux acheter en ligne. Bonne visite et bon shopping sur les diff\u00e9rents magasins en ligne pr\u00e9sent dans l&#8217;annuaire.<\/p>\n<h2>Adresses utiles<\/h2>\n<p>Le guide d&#8217;achat en ligne vous propose plusieurs fonctionnalit\u00e9s pour le rendre le plus interractifs possible et permet au utilisateur d&#8217;\u00e9valuer les diff\u00e9rent magasins en ligne. En inscrivant votre boutique dans cet annuaire, vous aurez la possibilit\u00e9 de promouvoir vos boutiques et d&#8217;am\u00e9liorer le r\u00e9f\u00e9rencement de vos sites marchands.<\/p>\n<h2>Actualit\u00e9s du e-commerce<\/h2>\n<p>Le guide boutiqueo, r\u00e9f\u00e9rence tout les types de boutique : Prestashop, Magento, Oscommerce , Oscss, Joomla et autre pour encore mieux acheter en ligne. N&#8217;h\u00e9sitez pas non plus \u00e0 visiter le blog e-commerce de l&#8217;annuaire des boutiques<img loading=\"lazy\" decoding=\"async\" class=\"size-medium wp-image-620 alignright\" src=\"http:\/\/www.boutiqueo.net\/wp-content\/uploads\/sites\/13\/2016\/08\/logoboutiqeuo-300x64.png\" alt=\"boutiqueo\" width=\"300\" height=\"64\" \/><\/p>\n<p>&nbsp;<\/p>\n","protected":false},"excerpt":{"rendered":"<p>Sites de E-commerce Le guide web, &#8220;Boutiqueo&#8221; vous propose une s\u00e9lection des meilleurs boutiques en ligne. Pour am\u00e9liorer votre r\u00e9f\u00e9rencement web, n&#8217;h\u00e9sitez pas non plus \u00e0 vous inscrire votre site dans l&#8217;annuaire Monbuzz ou \u00e0 publier des publier des communiqu\u00e9s de presses en compl\u00e9ments de l&#8217;annuaire Boutique. Comment fonctionne le site ? Les diff\u00e9rents magasins [&hellip;]<\/p>\n","protected":false},"author":1,"featured_media":0,"parent":0,"menu_order":0,"comment_status":"closed","ping_status":"closed","template":"","meta":{"footnotes":""},"class_list":["post-577","page","type-page","status-publish","hentry"],"_links":{"self":[{"href":"https:\/\/referencement-site-wordpress.websitedesign.fr\/index.php?rest_route=\/wp\/v2\/pages\/577","targetHints":{"allow":["GET"]}}],"collection":[{"href":"https:\/\/referencement-site-wordpress.websitedesign.fr\/index.php?rest_route=\/wp\/v2\/pages"}],"about":[{"href":"https:\/\/referencement-site-wordpress.websitedesign.fr\/index.php?rest_route=\/wp\/v2\/types\/page"}],"author":[{"embeddable":true,"href":"https:\/\/referencement-site-wordpress.websitedesign.fr\/index.php?rest_route=\/wp\/v2\/users\/1"}],"replies":[{"embeddable":true,"href":"https:\/\/referencement-site-wordpress.websitedesign.fr\/index.php?rest_route=%2Fwp%2Fv2%2Fcomments&post=577"}],"version-history":[{"count":0,"href":"https:\/\/referencement-site-wordpress.websitedesign.fr\/index.php?rest_route=\/wp\/v2\/pages\/577\/revisions"}],"wp:attachment":[{"href":"https:\/\/referencement-site-wordpress.websitedesign.fr\/index.php?rest_route=%2Fwp%2Fv2%2Fmedia&parent=577"}],"curies":[{"name":"wp","href":"https:\/\/api.w.org\/{rel}","templated":true}]}}